{"id":581,"date":"2025-10-29T10:54:56","date_gmt":"2025-10-29T10:54:56","guid":{"rendered":"https:\/\/mandarinacocina.com\/producto\/taller-de-cocina-e-ilustracion-experiencia-creativa\/"},"modified":"2025-12-10T17:24:17","modified_gmt":"2025-12-10T17:24:17","slug":"taller-de-cocina-e-ilustracion-experiencia-creativa","status":"publish","type":"product","link":"https:\/\/mandarinacocina.com\/ca\/producto\/taller-de-cocina-e-ilustracion-experiencia-creativa\/","title":{"rendered":"Taller de Cocina e Ilustraci\u00f3n: Experiencia Creativa"},"content":{"rendered":"","protected":false},"excerpt":{"rendered":"<p>Aprende y disfruta arte culinario en un taller \u00fanico.<\/p>\n","protected":false},"featured_media":392,"comment_status":"open","ping_status":"closed","template":"","meta":{"_acf_changed":false,"iawp_total_views":0},"marca":[59,58],"product_brand":[],"product_cat":[96,97],"product_tag":[117,98,95],"class_list":{"0":"post-581","1":"product","2":"type-product","3":"status-publish","4":"has-post-thumbnail","6":"marca-cocina","7":"marca-mandarina","8":"product_cat-ilustraciones-ca","9":"product_cat-pack-regalos-ca","10":"product_tag-creatividad-ca","11":"product_tag-ilustraciones-ca","12":"product_tag-talleres-ca","14":"first","15":"instock","16":"sale","17":"shipping-taxable","18":"purchasable","19":"product-type-simple"},"acf":[],"yoast_head":"<!-- This site is optimized with the Yoast SEO plugin v27.4 - https:\/\/yoast.com\/product\/yoast-seo-wordpress\/ -->\n<title>Taller de Cocina e Ilustraci\u00f3n | Mandarina Cocina<\/title>\n<meta name=\"description\" content=\"Descubre un taller \u00fanico de cocina e ilustraci\u00f3n. Aprende y disfruta del arte culinario con un 37% de descuento, \u00a1ahora por 445 \u20ac!\" \/>\n<meta name=\"robots\" content=\"index, follow, max-snippet:-1, max-image-preview:large, max-video-preview:-1\" \/>\n<link rel=\"canonical\" href=\"https:\/\/mandarinacocina.com\/ca\/producto\/taller-de-cocina-e-ilustracion-experiencia-creativa\/\" \/>\n<meta property=\"og:locale\" content=\"ca_ES\" \/>\n<meta property=\"og:type\" content=\"article\" \/>\n<meta property=\"og:title\" content=\"Taller de Cocina e Ilustraci\u00f3n | Mandarina Cocina\" \/>\n<meta property=\"og:description\" content=\"Descubre un taller \u00fanico de cocina e ilustraci\u00f3n. Aprende y disfruta del arte culinario con un 37% de descuento, \u00a1ahora por 445 \u20ac!\" \/>\n<meta property=\"og:url\" content=\"https:\/\/mandarinacocina.com\/ca\/producto\/taller-de-cocina-e-ilustracion-experiencia-creativa\/\" \/>\n<meta property=\"og:site_name\" content=\"Mandarina Cocina\" \/>\n<meta property=\"article:modified_time\" content=\"2025-12-10T17:24:17+00:00\" \/>\n<meta property=\"og:image\" content=\"https:\/\/mandarinacocina.com\/wp-content\/uploads\/2025\/10\/Leonardo_Vision_XL_Diseo_monocromtico_de_una_cocina_estilizada_0.jpg\" \/>\n\t<meta property=\"og:image:width\" content=\"1792\" \/>\n\t<meta property=\"og:image:height\" content=\"1456\" \/>\n\t<meta property=\"og:image:type\" content=\"image\/jpeg\" \/>\n<meta name=\"twitter:card\" content=\"summary_large_image\" \/>\n<!-- \/ Yoast SEO plugin. -->","yoast_head_json":{"title":"Taller de Cocina e Ilustraci\u00f3n | Mandarina Cocina","description":"Descubre un taller \u00fanico de cocina e ilustraci\u00f3n. Aprende y disfruta del arte culinario con un 37% de descuento, \u00a1ahora por 445 \u20ac!","robots":{"index":"index","follow":"follow","max-snippet":"max-snippet:-1","max-image-preview":"max-image-preview:large","max-video-preview":"max-video-preview:-1"},"canonical":"https:\/\/mandarinacocina.com\/ca\/producto\/taller-de-cocina-e-ilustracion-experiencia-creativa\/","og_locale":"ca_ES","og_type":"article","og_title":"Taller de Cocina e Ilustraci\u00f3n | Mandarina Cocina","og_description":"Descubre un taller \u00fanico de cocina e ilustraci\u00f3n. Aprende y disfruta del arte culinario con un 37% de descuento, \u00a1ahora por 445 \u20ac!","og_url":"https:\/\/mandarinacocina.com\/ca\/producto\/taller-de-cocina-e-ilustracion-experiencia-creativa\/","og_site_name":"Mandarina Cocina","article_modified_time":"2025-12-10T17:24:17+00:00","og_image":[{"width":1792,"height":1456,"url":"https:\/\/mandarinacocina.com\/wp-content\/uploads\/2025\/10\/Leonardo_Vision_XL_Diseo_monocromtico_de_una_cocina_estilizada_0.jpg","type":"image\/jpeg"}],"twitter_card":"summary_large_image","schema":{"@context":"https:\/\/schema.org","@graph":[{"@type":"WebPage","@id":"https:\/\/mandarinacocina.com\/ca\/producto\/taller-de-cocina-e-ilustracion-experiencia-creativa\/","url":"https:\/\/mandarinacocina.com\/ca\/producto\/taller-de-cocina-e-ilustracion-experiencia-creativa\/","name":"Taller de Cocina e Ilustraci\u00f3n | Mandarina Cocina","isPartOf":{"@id":"https:\/\/mandarinacocina.com\/ca\/#website"},"primaryImageOfPage":{"@id":"https:\/\/mandarinacocina.com\/ca\/producto\/taller-de-cocina-e-ilustracion-experiencia-creativa\/#primaryimage"},"image":{"@id":"https:\/\/mandarinacocina.com\/ca\/producto\/taller-de-cocina-e-ilustracion-experiencia-creativa\/#primaryimage"},"thumbnailUrl":"https:\/\/mandarinacocina.com\/wp-content\/uploads\/2025\/10\/Leonardo_Vision_XL_Diseo_monocromtico_de_una_cocina_estilizada_0.jpg","datePublished":"2025-10-29T10:54:56+00:00","dateModified":"2025-12-10T17:24:17+00:00","description":"Descubre un taller \u00fanico de cocina e ilustraci\u00f3n. Aprende y disfruta del arte culinario con un 37% de descuento, \u00a1ahora por 445 \u20ac!","breadcrumb":{"@id":"https:\/\/mandarinacocina.com\/ca\/producto\/taller-de-cocina-e-ilustracion-experiencia-creativa\/#breadcrumb"},"inLanguage":"ca","potentialAction":[{"@type":"ReadAction","target":["https:\/\/mandarinacocina.com\/ca\/producto\/taller-de-cocina-e-ilustracion-experiencia-creativa\/"]}]},{"@type":"ImageObject","inLanguage":"ca","@id":"https:\/\/mandarinacocina.com\/ca\/producto\/taller-de-cocina-e-ilustracion-experiencia-creativa\/#primaryimage","url":"https:\/\/mandarinacocina.com\/wp-content\/uploads\/2025\/10\/Leonardo_Vision_XL_Diseo_monocromtico_de_una_cocina_estilizada_0.jpg","contentUrl":"https:\/\/mandarinacocina.com\/wp-content\/uploads\/2025\/10\/Leonardo_Vision_XL_Diseo_monocromtico_de_una_cocina_estilizada_0.jpg","width":1792,"height":1456},{"@type":"BreadcrumbList","@id":"https:\/\/mandarinacocina.com\/ca\/producto\/taller-de-cocina-e-ilustracion-experiencia-creativa\/#breadcrumb","itemListElement":[{"@type":"ListItem","position":1,"name":"Portada","item":"https:\/\/mandarinacocina.com\/ca\/"},{"@type":"ListItem","position":2,"name":"Tienda","item":"https:\/\/mandarinacocina.com\/tienda\/"},{"@type":"ListItem","position":3,"name":"Taller de Cocina e Ilustraci\u00f3n: Experiencia Creativa"}]},{"@type":"WebSite","@id":"https:\/\/mandarinacocina.com\/ca\/#website","url":"https:\/\/mandarinacocina.com\/ca\/","name":"Mandarina Cocina","description":"","publisher":{"@id":"https:\/\/mandarinacocina.com\/ca\/#organization"},"potentialAction":[{"@type":"SearchAction","target":{"@type":"EntryPoint","urlTemplate":"https:\/\/mandarinacocina.com\/ca\/?s={search_term_string}"},"query-input":{"@type":"PropertyValueSpecification","valueRequired":true,"valueName":"search_term_string"}}],"inLanguage":"ca"},{"@type":"Organization","@id":"https:\/\/mandarinacocina.com\/ca\/#organization","name":"Mandarina Cocina","url":"https:\/\/mandarinacocina.com\/ca\/","logo":{"@type":"ImageObject","inLanguage":"ca","@id":"https:\/\/mandarinacocina.com\/ca\/#\/schema\/logo\/image\/","url":"https:\/\/mandarinacocina.com\/wp-content\/uploads\/2025\/10\/6901dc7e67fd9_mandarinacocina-1.png","contentUrl":"https:\/\/mandarinacocina.com\/wp-content\/uploads\/2025\/10\/6901dc7e67fd9_mandarinacocina-1.png","width":1600,"height":1600,"caption":"Mandarina Cocina"},"image":{"@id":"https:\/\/mandarinacocina.com\/ca\/#\/schema\/logo\/image\/"}}]}},"_links":{"self":[{"href":"https:\/\/mandarinacocina.com\/ca\/wp-json\/wp\/v2\/product\/581","targetHints":{"allow":["GET"]}}],"collection":[{"href":"https:\/\/mandarinacocina.com\/ca\/wp-json\/wp\/v2\/product"}],"about":[{"href":"https:\/\/mandarinacocina.com\/ca\/wp-json\/wp\/v2\/types\/product"}],"replies":[{"embeddable":true,"href":"https:\/\/mandarinacocina.com\/ca\/wp-json\/wp\/v2\/comments?post=581"}],"wp:featuredmedia":[{"embeddable":true,"href":"https:\/\/mandarinacocina.com\/ca\/wp-json\/wp\/v2\/media\/392"}],"wp:attachment":[{"href":"https:\/\/mandarinacocina.com\/ca\/wp-json\/wp\/v2\/media?parent=581"}],"wp:term":[{"taxonomy":"marca","embeddable":true,"href":"https:\/\/mandarinacocina.com\/ca\/wp-json\/wp\/v2\/marca?post=581"},{"taxonomy":"product_brand","embeddable":true,"href":"https:\/\/mandarinacocina.com\/ca\/wp-json\/wp\/v2\/product_brand?post=581"},{"taxonomy":"product_cat","embeddable":true,"href":"https:\/\/mandarinacocina.com\/ca\/wp-json\/wp\/v2\/product_cat?post=581"},{"taxonomy":"product_tag","embeddable":true,"href":"https:\/\/mandarinacocina.com\/ca\/wp-json\/wp\/v2\/product_tag?post=581"}],"curies":[{"name":"wp","href":"https:\/\/api.w.org\/{rel}","templated":true}]}}