{"id":575,"date":"2025-10-29T10:59:45","date_gmt":"2025-10-29T10:59:45","guid":{"rendered":"https:\/\/mandarinacocina.com\/producto\/taller-de-cocina-antropologica-ilustraciones-y-regalos\/"},"modified":"2025-12-10T17:23:30","modified_gmt":"2025-12-10T17:23:30","slug":"taller-de-cocina-antropologica-ilustraciones-y-regalos","status":"publish","type":"product","link":"https:\/\/mandarinacocina.com\/ca\/producto\/taller-de-cocina-antropologica-ilustraciones-y-regalos\/","title":{"rendered":"Taller de Cocina Antropol\u00f3gica: Ilustraciones y Regalos"},"content":{"rendered":"","protected":false},"excerpt":{"rendered":"<p>Talleres culinarios con totebags y libretas \u00fanicas.<\/p>\n","protected":false},"featured_media":446,"comment_status":"open","ping_status":"closed","template":"","meta":{"_acf_changed":false,"iawp_total_views":0},"marca":[71,70],"product_brand":[],"product_cat":[96,97],"product_tag":[98,105,95],"class_list":{"0":"post-575","1":"product","2":"type-product","3":"status-publish","4":"has-post-thumbnail","6":"marca-cocinaantropologica","7":"marca-mandarinacocina","8":"product_cat-ilustraciones-ca","9":"product_cat-pack-regalos-ca","10":"product_tag-ilustraciones-ca","11":"product_tag-regalos-ca","12":"product_tag-talleres-ca","14":"first","15":"instock","16":"sale","17":"shipping-taxable","18":"purchasable","19":"product-type-simple"},"acf":[],"yoast_head":"<!-- This site is optimized with the Yoast SEO plugin v27.4 - https:\/\/yoast.com\/product\/yoast-seo-wordpress\/ -->\n<title>Taller Cocina Antropol\u00f3gica: Ilustraciones - Mandarina<\/title>\n<meta name=\"description\" content=\"Disfruta del Taller de Cocina Antropol\u00f3gica con ilustraciones \u00fanicas y regalos. Aprovecha el precio especial de 176,50 \u20ac y descubre nuestras totebags.\" \/>\n<meta name=\"robots\" content=\"index, follow, max-snippet:-1, max-image-preview:large, max-video-preview:-1\" \/>\n<link rel=\"canonical\" href=\"https:\/\/mandarinacocina.com\/ca\/producto\/taller-de-cocina-antropologica-ilustraciones-y-regalos\/\" \/>\n<meta property=\"og:locale\" content=\"ca_ES\" \/>\n<meta property=\"og:type\" content=\"article\" \/>\n<meta property=\"og:title\" content=\"Taller Cocina Antropol\u00f3gica: Ilustraciones - Mandarina\" \/>\n<meta property=\"og:description\" content=\"Disfruta del Taller de Cocina Antropol\u00f3gica con ilustraciones \u00fanicas y regalos. Aprovecha el precio especial de 176,50 \u20ac y descubre nuestras totebags.\" \/>\n<meta property=\"og:url\" content=\"https:\/\/mandarinacocina.com\/ca\/producto\/taller-de-cocina-antropologica-ilustraciones-y-regalos\/\" \/>\n<meta property=\"og:site_name\" content=\"Mandarina Cocina\" \/>\n<meta property=\"article:modified_time\" content=\"2025-12-10T17:23:30+00:00\" \/>\n<meta property=\"og:image\" content=\"https:\/\/mandarinacocina.com\/wp-content\/uploads\/2025\/10\/Leonardo_Vision_XL_Disea_una_imagen_monocromtica_enfocada_en_t_0.jpg\" \/>\n\t<meta property=\"og:image:width\" content=\"1792\" \/>\n\t<meta property=\"og:image:height\" content=\"1456\" \/>\n\t<meta property=\"og:image:type\" content=\"image\/jpeg\" \/>\n<meta name=\"twitter:card\" content=\"summary_large_image\" \/>\n<!-- \/ Yoast SEO plugin. -->","yoast_head_json":{"title":"Taller Cocina Antropol\u00f3gica: Ilustraciones - Mandarina","description":"Disfruta del Taller de Cocina Antropol\u00f3gica con ilustraciones \u00fanicas y regalos. Aprovecha el precio especial de 176,50 \u20ac y descubre nuestras totebags.","robots":{"index":"index","follow":"follow","max-snippet":"max-snippet:-1","max-image-preview":"max-image-preview:large","max-video-preview":"max-video-preview:-1"},"canonical":"https:\/\/mandarinacocina.com\/ca\/producto\/taller-de-cocina-antropologica-ilustraciones-y-regalos\/","og_locale":"ca_ES","og_type":"article","og_title":"Taller Cocina Antropol\u00f3gica: Ilustraciones - Mandarina","og_description":"Disfruta del Taller de Cocina Antropol\u00f3gica con ilustraciones \u00fanicas y regalos. Aprovecha el precio especial de 176,50 \u20ac y descubre nuestras totebags.","og_url":"https:\/\/mandarinacocina.com\/ca\/producto\/taller-de-cocina-antropologica-ilustraciones-y-regalos\/","og_site_name":"Mandarina Cocina","article_modified_time":"2025-12-10T17:23:30+00:00","og_image":[{"width":1792,"height":1456,"url":"https:\/\/mandarinacocina.com\/wp-content\/uploads\/2025\/10\/Leonardo_Vision_XL_Disea_una_imagen_monocromtica_enfocada_en_t_0.jpg","type":"image\/jpeg"}],"twitter_card":"summary_large_image","schema":{"@context":"https:\/\/schema.org","@graph":[{"@type":"WebPage","@id":"https:\/\/mandarinacocina.com\/ca\/producto\/taller-de-cocina-antropologica-ilustraciones-y-regalos\/","url":"https:\/\/mandarinacocina.com\/ca\/producto\/taller-de-cocina-antropologica-ilustraciones-y-regalos\/","name":"Taller Cocina Antropol\u00f3gica: Ilustraciones - Mandarina","isPartOf":{"@id":"https:\/\/mandarinacocina.com\/ca\/#website"},"primaryImageOfPage":{"@id":"https:\/\/mandarinacocina.com\/ca\/producto\/taller-de-cocina-antropologica-ilustraciones-y-regalos\/#primaryimage"},"image":{"@id":"https:\/\/mandarinacocina.com\/ca\/producto\/taller-de-cocina-antropologica-ilustraciones-y-regalos\/#primaryimage"},"thumbnailUrl":"https:\/\/mandarinacocina.com\/wp-content\/uploads\/2025\/10\/Leonardo_Vision_XL_Disea_una_imagen_monocromtica_enfocada_en_t_0.jpg","datePublished":"2025-10-29T10:59:45+00:00","dateModified":"2025-12-10T17:23:30+00:00","description":"Disfruta del Taller de Cocina Antropol\u00f3gica con ilustraciones \u00fanicas y regalos. Aprovecha el precio especial de 176,50 \u20ac y descubre nuestras totebags.","breadcrumb":{"@id":"https:\/\/mandarinacocina.com\/ca\/producto\/taller-de-cocina-antropologica-ilustraciones-y-regalos\/#breadcrumb"},"inLanguage":"ca","potentialAction":[{"@type":"ReadAction","target":["https:\/\/mandarinacocina.com\/ca\/producto\/taller-de-cocina-antropologica-ilustraciones-y-regalos\/"]}]},{"@type":"ImageObject","inLanguage":"ca","@id":"https:\/\/mandarinacocina.com\/ca\/producto\/taller-de-cocina-antropologica-ilustraciones-y-regalos\/#primaryimage","url":"https:\/\/mandarinacocina.com\/wp-content\/uploads\/2025\/10\/Leonardo_Vision_XL_Disea_una_imagen_monocromtica_enfocada_en_t_0.jpg","contentUrl":"https:\/\/mandarinacocina.com\/wp-content\/uploads\/2025\/10\/Leonardo_Vision_XL_Disea_una_imagen_monocromtica_enfocada_en_t_0.jpg","width":1792,"height":1456},{"@type":"BreadcrumbList","@id":"https:\/\/mandarinacocina.com\/ca\/producto\/taller-de-cocina-antropologica-ilustraciones-y-regalos\/#breadcrumb","itemListElement":[{"@type":"ListItem","position":1,"name":"Portada","item":"https:\/\/mandarinacocina.com\/ca\/"},{"@type":"ListItem","position":2,"name":"Tienda","item":"https:\/\/mandarinacocina.com\/tienda\/"},{"@type":"ListItem","position":3,"name":"Taller de Cocina Antropol\u00f3gica: Ilustraciones y Regalos"}]},{"@type":"WebSite","@id":"https:\/\/mandarinacocina.com\/ca\/#website","url":"https:\/\/mandarinacocina.com\/ca\/","name":"Mandarina Cocina","description":"","publisher":{"@id":"https:\/\/mandarinacocina.com\/ca\/#organization"},"potentialAction":[{"@type":"SearchAction","target":{"@type":"EntryPoint","urlTemplate":"https:\/\/mandarinacocina.com\/ca\/?s={search_term_string}"},"query-input":{"@type":"PropertyValueSpecification","valueRequired":true,"valueName":"search_term_string"}}],"inLanguage":"ca"},{"@type":"Organization","@id":"https:\/\/mandarinacocina.com\/ca\/#organization","name":"Mandarina Cocina","url":"https:\/\/mandarinacocina.com\/ca\/","logo":{"@type":"ImageObject","inLanguage":"ca","@id":"https:\/\/mandarinacocina.com\/ca\/#\/schema\/logo\/image\/","url":"https:\/\/mandarinacocina.com\/wp-content\/uploads\/2025\/10\/6901dc7e67fd9_mandarinacocina-1.png","contentUrl":"https:\/\/mandarinacocina.com\/wp-content\/uploads\/2025\/10\/6901dc7e67fd9_mandarinacocina-1.png","width":1600,"height":1600,"caption":"Mandarina Cocina"},"image":{"@id":"https:\/\/mandarinacocina.com\/ca\/#\/schema\/logo\/image\/"}}]}},"_links":{"self":[{"href":"https:\/\/mandarinacocina.com\/ca\/wp-json\/wp\/v2\/product\/575","targetHints":{"allow":["GET"]}}],"collection":[{"href":"https:\/\/mandarinacocina.com\/ca\/wp-json\/wp\/v2\/product"}],"about":[{"href":"https:\/\/mandarinacocina.com\/ca\/wp-json\/wp\/v2\/types\/product"}],"replies":[{"embeddable":true,"href":"https:\/\/mandarinacocina.com\/ca\/wp-json\/wp\/v2\/comments?post=575"}],"wp:featuredmedia":[{"embeddable":true,"href":"https:\/\/mandarinacocina.com\/ca\/wp-json\/wp\/v2\/media\/446"}],"wp:attachment":[{"href":"https:\/\/mandarinacocina.com\/ca\/wp-json\/wp\/v2\/media?parent=575"}],"wp:term":[{"taxonomy":"marca","embeddable":true,"href":"https:\/\/mandarinacocina.com\/ca\/wp-json\/wp\/v2\/marca?post=575"},{"taxonomy":"product_brand","embeddable":true,"href":"https:\/\/mandarinacocina.com\/ca\/wp-json\/wp\/v2\/product_brand?post=575"},{"taxonomy":"product_cat","embeddable":true,"href":"https:\/\/mandarinacocina.com\/ca\/wp-json\/wp\/v2\/product_cat?post=575"},{"taxonomy":"product_tag","embeddable":true,"href":"https:\/\/mandarinacocina.com\/ca\/wp-json\/wp\/v2\/product_tag?post=575"}],"curies":[{"name":"wp","href":"https:\/\/api.w.org\/{rel}","templated":true}]}}