{"id":567,"date":"2025-10-29T11:06:12","date_gmt":"2025-10-29T11:06:12","guid":{"rendered":"https:\/\/mandarinacocina.com\/producto\/taller-de-cocina-antropologica-y-diseno-creativo\/"},"modified":"2025-12-10T17:22:27","modified_gmt":"2025-12-10T17:22:27","slug":"taller-de-cocina-antropologica-y-diseno-creativo","status":"publish","type":"product","link":"https:\/\/mandarinacocina.com\/ca\/producto\/taller-de-cocina-antropologica-y-diseno-creativo\/","title":{"rendered":"Taller de Cocina Antropol\u00f3gica y Dise\u00f1o Creativo"},"content":{"rendered":"","protected":false},"excerpt":{"rendered":"<p>Talleres que combinan cocina e ilustraci\u00f3n para todos.<\/p>\n","protected":false},"featured_media":518,"comment_status":"open","ping_status":"closed","template":"","meta":{"_acf_changed":false,"iawp_total_views":0},"marca":[86,58],"product_brand":[],"product_cat":[96,97],"product_tag":[101,98,95],"class_list":{"0":"post-567","1":"product","2":"type-product","3":"status-publish","4":"has-post-thumbnail","6":"marca-cocina-creativa","7":"marca-mandarina","8":"product_cat-ilustraciones-ca","9":"product_cat-pack-regalos-ca","10":"product_tag-cocina-ca","11":"product_tag-ilustraciones-ca","12":"product_tag-talleres-ca","14":"first","15":"instock","16":"sale","17":"shipping-taxable","18":"purchasable","19":"product-type-simple"},"acf":[],"yoast_head":"<!-- This site is optimized with the Yoast SEO plugin v27.4 - https:\/\/yoast.com\/product\/yoast-seo-wordpress\/ -->\n<title>Taller de Cocina Antropol\u00f3gica en Oferta - Mandarina Cocina<\/title>\n<meta name=\"description\" content=\"Descubre el Taller de Cocina Antropol\u00f3gica y Dise\u00f1o Creativo en Mandarina Cocina, una experiencia \u00fanica por solo 48,25 \u20ac. Plazas limitadas, \u00a1inscr\u00edbete hoy!\" \/>\n<meta name=\"robots\" content=\"index, follow, max-snippet:-1, max-image-preview:large, max-video-preview:-1\" \/>\n<link rel=\"canonical\" href=\"https:\/\/mandarinacocina.com\/ca\/producto\/taller-de-cocina-antropologica-y-diseno-creativo\/\" \/>\n<meta property=\"og:locale\" content=\"ca_ES\" \/>\n<meta property=\"og:type\" content=\"article\" \/>\n<meta property=\"og:title\" content=\"Taller de Cocina Antropol\u00f3gica en Oferta - Mandarina Cocina\" \/>\n<meta property=\"og:description\" content=\"Descubre el Taller de Cocina Antropol\u00f3gica y Dise\u00f1o Creativo en Mandarina Cocina, una experiencia \u00fanica por solo 48,25 \u20ac. Plazas limitadas, \u00a1inscr\u00edbete hoy!\" \/>\n<meta property=\"og:url\" content=\"https:\/\/mandarinacocina.com\/ca\/producto\/taller-de-cocina-antropologica-y-diseno-creativo\/\" \/>\n<meta property=\"og:site_name\" content=\"Mandarina Cocina\" \/>\n<meta property=\"article:modified_time\" content=\"2025-12-10T17:22:27+00:00\" \/>\n<meta property=\"og:image\" content=\"https:\/\/mandarinacocina.com\/wp-content\/uploads\/2025\/10\/Leonardo_Vision_XL_Una_mesa_monocromtica_en_tonos_grises_con_e_0.jpg\" \/>\n\t<meta property=\"og:image:width\" content=\"1792\" \/>\n\t<meta property=\"og:image:height\" content=\"1456\" \/>\n\t<meta property=\"og:image:type\" content=\"image\/jpeg\" \/>\n<meta name=\"twitter:card\" content=\"summary_large_image\" \/>\n<!-- \/ Yoast SEO plugin. -->","yoast_head_json":{"title":"Taller de Cocina Antropol\u00f3gica en Oferta - Mandarina Cocina","description":"Descubre el Taller de Cocina Antropol\u00f3gica y Dise\u00f1o Creativo en Mandarina Cocina, una experiencia \u00fanica por solo 48,25 \u20ac. Plazas limitadas, \u00a1inscr\u00edbete hoy!","robots":{"index":"index","follow":"follow","max-snippet":"max-snippet:-1","max-image-preview":"max-image-preview:large","max-video-preview":"max-video-preview:-1"},"canonical":"https:\/\/mandarinacocina.com\/ca\/producto\/taller-de-cocina-antropologica-y-diseno-creativo\/","og_locale":"ca_ES","og_type":"article","og_title":"Taller de Cocina Antropol\u00f3gica en Oferta - Mandarina Cocina","og_description":"Descubre el Taller de Cocina Antropol\u00f3gica y Dise\u00f1o Creativo en Mandarina Cocina, una experiencia \u00fanica por solo 48,25 \u20ac. Plazas limitadas, \u00a1inscr\u00edbete hoy!","og_url":"https:\/\/mandarinacocina.com\/ca\/producto\/taller-de-cocina-antropologica-y-diseno-creativo\/","og_site_name":"Mandarina Cocina","article_modified_time":"2025-12-10T17:22:27+00:00","og_image":[{"width":1792,"height":1456,"url":"https:\/\/mandarinacocina.com\/wp-content\/uploads\/2025\/10\/Leonardo_Vision_XL_Una_mesa_monocromtica_en_tonos_grises_con_e_0.jpg","type":"image\/jpeg"}],"twitter_card":"summary_large_image","schema":{"@context":"https:\/\/schema.org","@graph":[{"@type":"WebPage","@id":"https:\/\/mandarinacocina.com\/ca\/producto\/taller-de-cocina-antropologica-y-diseno-creativo\/","url":"https:\/\/mandarinacocina.com\/ca\/producto\/taller-de-cocina-antropologica-y-diseno-creativo\/","name":"Taller de Cocina Antropol\u00f3gica en Oferta - Mandarina Cocina","isPartOf":{"@id":"https:\/\/mandarinacocina.com\/ca\/#website"},"primaryImageOfPage":{"@id":"https:\/\/mandarinacocina.com\/ca\/producto\/taller-de-cocina-antropologica-y-diseno-creativo\/#primaryimage"},"image":{"@id":"https:\/\/mandarinacocina.com\/ca\/producto\/taller-de-cocina-antropologica-y-diseno-creativo\/#primaryimage"},"thumbnailUrl":"https:\/\/mandarinacocina.com\/wp-content\/uploads\/2025\/10\/Leonardo_Vision_XL_Una_mesa_monocromtica_en_tonos_grises_con_e_0.jpg","datePublished":"2025-10-29T11:06:12+00:00","dateModified":"2025-12-10T17:22:27+00:00","description":"Descubre el Taller de Cocina Antropol\u00f3gica y Dise\u00f1o Creativo en Mandarina Cocina, una experiencia \u00fanica por solo 48,25 \u20ac. Plazas limitadas, \u00a1inscr\u00edbete hoy!","breadcrumb":{"@id":"https:\/\/mandarinacocina.com\/ca\/producto\/taller-de-cocina-antropologica-y-diseno-creativo\/#breadcrumb"},"inLanguage":"ca","potentialAction":[{"@type":"ReadAction","target":["https:\/\/mandarinacocina.com\/ca\/producto\/taller-de-cocina-antropologica-y-diseno-creativo\/"]}]},{"@type":"ImageObject","inLanguage":"ca","@id":"https:\/\/mandarinacocina.com\/ca\/producto\/taller-de-cocina-antropologica-y-diseno-creativo\/#primaryimage","url":"https:\/\/mandarinacocina.com\/wp-content\/uploads\/2025\/10\/Leonardo_Vision_XL_Una_mesa_monocromtica_en_tonos_grises_con_e_0.jpg","contentUrl":"https:\/\/mandarinacocina.com\/wp-content\/uploads\/2025\/10\/Leonardo_Vision_XL_Una_mesa_monocromtica_en_tonos_grises_con_e_0.jpg","width":1792,"height":1456},{"@type":"BreadcrumbList","@id":"https:\/\/mandarinacocina.com\/ca\/producto\/taller-de-cocina-antropologica-y-diseno-creativo\/#breadcrumb","itemListElement":[{"@type":"ListItem","position":1,"name":"Portada","item":"https:\/\/mandarinacocina.com\/ca\/"},{"@type":"ListItem","position":2,"name":"Tienda","item":"https:\/\/mandarinacocina.com\/tienda\/"},{"@type":"ListItem","position":3,"name":"Taller de Cocina Antropol\u00f3gica y Dise\u00f1o Creativo"}]},{"@type":"WebSite","@id":"https:\/\/mandarinacocina.com\/ca\/#website","url":"https:\/\/mandarinacocina.com\/ca\/","name":"Mandarina Cocina","description":"","publisher":{"@id":"https:\/\/mandarinacocina.com\/ca\/#organization"},"potentialAction":[{"@type":"SearchAction","target":{"@type":"EntryPoint","urlTemplate":"https:\/\/mandarinacocina.com\/ca\/?s={search_term_string}"},"query-input":{"@type":"PropertyValueSpecification","valueRequired":true,"valueName":"search_term_string"}}],"inLanguage":"ca"},{"@type":"Organization","@id":"https:\/\/mandarinacocina.com\/ca\/#organization","name":"Mandarina Cocina","url":"https:\/\/mandarinacocina.com\/ca\/","logo":{"@type":"ImageObject","inLanguage":"ca","@id":"https:\/\/mandarinacocina.com\/ca\/#\/schema\/logo\/image\/","url":"https:\/\/mandarinacocina.com\/wp-content\/uploads\/2025\/10\/6901dc7e67fd9_mandarinacocina-1.png","contentUrl":"https:\/\/mandarinacocina.com\/wp-content\/uploads\/2025\/10\/6901dc7e67fd9_mandarinacocina-1.png","width":1600,"height":1600,"caption":"Mandarina Cocina"},"image":{"@id":"https:\/\/mandarinacocina.com\/ca\/#\/schema\/logo\/image\/"}}]}},"_links":{"self":[{"href":"https:\/\/mandarinacocina.com\/ca\/wp-json\/wp\/v2\/product\/567","targetHints":{"allow":["GET"]}}],"collection":[{"href":"https:\/\/mandarinacocina.com\/ca\/wp-json\/wp\/v2\/product"}],"about":[{"href":"https:\/\/mandarinacocina.com\/ca\/wp-json\/wp\/v2\/types\/product"}],"replies":[{"embeddable":true,"href":"https:\/\/mandarinacocina.com\/ca\/wp-json\/wp\/v2\/comments?post=567"}],"wp:featuredmedia":[{"embeddable":true,"href":"https:\/\/mandarinacocina.com\/ca\/wp-json\/wp\/v2\/media\/518"}],"wp:attachment":[{"href":"https:\/\/mandarinacocina.com\/ca\/wp-json\/wp\/v2\/media?parent=567"}],"wp:term":[{"taxonomy":"marca","embeddable":true,"href":"https:\/\/mandarinacocina.com\/ca\/wp-json\/wp\/v2\/marca?post=567"},{"taxonomy":"product_brand","embeddable":true,"href":"https:\/\/mandarinacocina.com\/ca\/wp-json\/wp\/v2\/product_brand?post=567"},{"taxonomy":"product_cat","embeddable":true,"href":"https:\/\/mandarinacocina.com\/ca\/wp-json\/wp\/v2\/product_cat?post=567"},{"taxonomy":"product_tag","embeddable":true,"href":"https:\/\/mandarinacocina.com\/ca\/wp-json\/wp\/v2\/product_tag?post=567"}],"curies":[{"name":"wp","href":"https:\/\/api.w.org\/{rel}","templated":true}]}}